{"id":11775,"date":"2024-03-10T18:40:07","date_gmt":"2024-03-10T18:40:07","guid":{"rendered":"https:\/\/duneawakening.com\/home-edit\/"},"modified":"2026-02-05T10:10:55","modified_gmt":"2026-02-05T10:10:55","slug":"home-edit","status":"publish","type":"page","link":"https:\/\/duneawakening.com\/fr\/","title":{"rendered":"Accueil"},"content":{"rendered":"","protected":false},"excerpt":{"rendered":"<p>Survivez puis connaissez la gloire et d\u00e9fiez l&rsquo;Imperium dans Dune: Awakening, un jeu de survie multijoueur \u00e0 grande \u00e9chelle. \u00c9chappez aux vers des sables, fabriquez votre ornithopt\u00e8re, b\u00e2tissez une forteresse et imposez-vous sur une Arrakis en monde ouvert accueillant des centaines de joueurs. <\/p>\n","protected":false},"author":20,"featured_media":0,"parent":0,"menu_order":0,"comment_status":"closed","ping_status":"closed","template":"","meta":{"_acf_changed":false,"footnotes":""},"class_list":["post-11775","page","type-page","status-publish","hentry"],"acf":[],"_links":{"self":[{"href":"https:\/\/duneawakening.com\/fr\/wp-json\/wp\/v2\/pages\/11775","targetHints":{"allow":["GET"]}}],"collection":[{"href":"https:\/\/duneawakening.com\/fr\/wp-json\/wp\/v2\/pages"}],"about":[{"href":"https:\/\/duneawakening.com\/fr\/wp-json\/wp\/v2\/types\/page"}],"author":[{"embeddable":true,"href":"https:\/\/duneawakening.com\/fr\/wp-json\/wp\/v2\/users\/20"}],"replies":[{"embeddable":true,"href":"https:\/\/duneawakening.com\/fr\/wp-json\/wp\/v2\/comments?post=11775"}],"version-history":[{"count":6,"href":"https:\/\/duneawakening.com\/fr\/wp-json\/wp\/v2\/pages\/11775\/revisions"}],"predecessor-version":[{"id":29232,"href":"https:\/\/duneawakening.com\/fr\/wp-json\/wp\/v2\/pages\/11775\/revisions\/29232"}],"wp:attachment":[{"href":"https:\/\/duneawakening.com\/fr\/wp-json\/wp\/v2\/media?parent=11775"}],"curies":[{"name":"wp","href":"https:\/\/api.w.org\/{rel}","templated":true}]}}