{"id":19909,"date":"2025-08-18T15:38:51","date_gmt":"2025-08-18T15:38:51","guid":{"rendered":"https:\/\/duneawakening.com\/trial\/"},"modified":"2025-08-19T15:57:39","modified_gmt":"2025-08-19T15:57:39","slug":"trial","status":"publish","type":"page","link":"https:\/\/duneawakening.com\/fr\/trial\/","title":{"rendered":"Trial"},"content":{"rendered":"","protected":false},"excerpt":{"rendered":"<p>Survivez puis connaissez la gloire et d\u00e9fiez l&rsquo;Imperium dans Dune: Awakening, un jeu de survie multijoueur \u00e0 grande \u00e9chelle. \u00c9chappez aux vers des sables, fabriquez votre ornithopt\u00e8re, b\u00e2tissez une forteresse et imposez-vous sur une Arrakis en monde ouvert accueillant des centaines de joueurs. <\/p>\n","protected":false},"author":4,"featured_media":0,"parent":0,"menu_order":0,"comment_status":"closed","ping_status":"closed","template":"","meta":{"_acf_changed":false,"footnotes":""},"class_list":["post-19909","page","type-page","status-publish","hentry"],"acf":[],"_links":{"self":[{"href":"https:\/\/duneawakening.com\/fr\/wp-json\/wp\/v2\/pages\/19909","targetHints":{"allow":["GET"]}}],"collection":[{"href":"https:\/\/duneawakening.com\/fr\/wp-json\/wp\/v2\/pages"}],"about":[{"href":"https:\/\/duneawakening.com\/fr\/wp-json\/wp\/v2\/types\/page"}],"author":[{"embeddable":true,"href":"https:\/\/duneawakening.com\/fr\/wp-json\/wp\/v2\/users\/4"}],"replies":[{"embeddable":true,"href":"https:\/\/duneawakening.com\/fr\/wp-json\/wp\/v2\/comments?post=19909"}],"version-history":[{"count":1,"href":"https:\/\/duneawakening.com\/fr\/wp-json\/wp\/v2\/pages\/19909\/revisions"}],"predecessor-version":[{"id":19911,"href":"https:\/\/duneawakening.com\/fr\/wp-json\/wp\/v2\/pages\/19909\/revisions\/19911"}],"wp:attachment":[{"href":"https:\/\/duneawakening.com\/fr\/wp-json\/wp\/v2\/media?parent=19909"}],"curies":[{"name":"wp","href":"https:\/\/api.w.org\/{rel}","templated":true}]}}