{"id":12276,"date":"2024-03-10T18:40:07","date_gmt":"2024-03-10T18:40:07","guid":{"rendered":"https:\/\/duneawakening.com\/strona-glowna\/"},"modified":"2025-09-25T15:40:53","modified_gmt":"2025-09-25T15:40:53","slug":"strona-glowna","status":"publish","type":"page","link":"https:\/\/duneawakening.com\/pl\/","title":{"rendered":"Strona g\u0142\u00f3wna"},"content":{"rendered":"","protected":false},"excerpt":{"rendered":"<p>Przetrwaj, osi\u0105gnij pot\u0119g\u0119 i rzu\u0107 wyzwanie w\u0142adzy Imperium w Dune: Awakening \u2013 grze survivalowej dla wielu graczy o ogromnym rozmachu. Wyjd\u017a ca\u0142o ze spotkania z czerwiem pustyni, skonstruuj ornitopter, zbuduj twierdz\u0119 i zdob\u0105d\u017a w\u0142adz\u0119 w otwartym \u015bwiecie Arrakis, dzielonym z setkami innych graczy. <\/p>\n","protected":false},"author":20,"featured_media":0,"parent":0,"menu_order":0,"comment_status":"closed","ping_status":"closed","template":"","meta":{"_acf_changed":false,"footnotes":""},"class_list":["post-12276","page","type-page","status-publish","hentry"],"acf":[],"_links":{"self":[{"href":"https:\/\/duneawakening.com\/pl\/wp-json\/wp\/v2\/pages\/12276","targetHints":{"allow":["GET"]}}],"collection":[{"href":"https:\/\/duneawakening.com\/pl\/wp-json\/wp\/v2\/pages"}],"about":[{"href":"https:\/\/duneawakening.com\/pl\/wp-json\/wp\/v2\/types\/page"}],"author":[{"embeddable":true,"href":"https:\/\/duneawakening.com\/pl\/wp-json\/wp\/v2\/users\/20"}],"replies":[{"embeddable":true,"href":"https:\/\/duneawakening.com\/pl\/wp-json\/wp\/v2\/comments?post=12276"}],"version-history":[{"count":4,"href":"https:\/\/duneawakening.com\/pl\/wp-json\/wp\/v2\/pages\/12276\/revisions"}],"predecessor-version":[{"id":15216,"href":"https:\/\/duneawakening.com\/pl\/wp-json\/wp\/v2\/pages\/12276\/revisions\/15216"}],"wp:attachment":[{"href":"https:\/\/duneawakening.com\/pl\/wp-json\/wp\/v2\/media?parent=12276"}],"curies":[{"name":"wp","href":"https:\/\/api.w.org\/{rel}","templated":true}]}}