{"id":19965,"date":"2025-08-18T15:38:51","date_gmt":"2025-08-18T15:38:51","guid":{"rendered":"https:\/\/duneawakening.com\/trial\/"},"modified":"2025-08-18T15:38:51","modified_gmt":"2025-08-18T15:38:51","slug":"trial","status":"publish","type":"page","link":"https:\/\/duneawakening.com\/pl\/trial\/","title":{"rendered":"Trial"},"content":{"rendered":"","protected":false},"excerpt":{"rendered":"<p>Przetrwaj, osi\u0105gnij pot\u0119g\u0119 i rzu\u0107 wyzwanie w\u0142adzy Imperium w Dune: Awakening \u2013 grze survivalowej dla wielu graczy o ogromnym rozmachu. Wyjd\u017a ca\u0142o ze spotkania z czerwiem pustyni, skonstruuj ornitopter, zbuduj twierdz\u0119 i zdob\u0105d\u017a w\u0142adz\u0119 w otwartym \u015bwiecie Arrakis, dzielonym z setkami innych graczy.<\/p>\n","protected":false},"author":4,"featured_media":0,"parent":0,"menu_order":0,"comment_status":"closed","ping_status":"closed","template":"","meta":{"_acf_changed":false,"footnotes":""},"class_list":["post-19965","page","type-page","status-publish","hentry"],"acf":[],"_links":{"self":[{"href":"https:\/\/duneawakening.com\/pl\/wp-json\/wp\/v2\/pages\/19965","targetHints":{"allow":["GET"]}}],"collection":[{"href":"https:\/\/duneawakening.com\/pl\/wp-json\/wp\/v2\/pages"}],"about":[{"href":"https:\/\/duneawakening.com\/pl\/wp-json\/wp\/v2\/types\/page"}],"author":[{"embeddable":true,"href":"https:\/\/duneawakening.com\/pl\/wp-json\/wp\/v2\/users\/4"}],"replies":[{"embeddable":true,"href":"https:\/\/duneawakening.com\/pl\/wp-json\/wp\/v2\/comments?post=19965"}],"version-history":[{"count":0,"href":"https:\/\/duneawakening.com\/pl\/wp-json\/wp\/v2\/pages\/19965\/revisions"}],"wp:attachment":[{"href":"https:\/\/duneawakening.com\/pl\/wp-json\/wp\/v2\/media?parent=19965"}],"curies":[{"name":"wp","href":"https:\/\/api.w.org\/{rel}","templated":true}]}}