{"id":11785,"date":"2024-03-10T18:40:07","date_gmt":"2024-03-10T18:40:07","guid":{"rendered":"https:\/\/duneawakening.com\/home\/"},"modified":"2026-02-05T10:11:36","modified_gmt":"2026-02-05T10:11:36","slug":"home","status":"publish","type":"page","link":"https:\/\/duneawakening.com\/tr\/","title":{"rendered":"Ana Sayfa"},"content":{"rendered":"","protected":false},"excerpt":{"rendered":"<p>Devasa \u00f6l\u00e7ekli \u00e7ok oyunculu hayatta kalma oyunu Dune: Awakening\u2019de zar zor ge\u00e7inirken b\u00fcy\u00fck ve \u00f6nemli biri olup \u0130mparatorluk iktidar\u0131na meydan oku. Y\u00fczlerce oyuncuyla payla\u015faca\u011f\u0131n a\u00e7\u0131k d\u00fcnya Arrakis\u2019te kumsolucanlar\u0131ndan sa\u011f kurtul, kendi ornitopterini yap, bir kale in\u015fa et ve iktidara y\u00fcksel. <\/p>\n","protected":false},"author":20,"featured_media":0,"parent":0,"menu_order":0,"comment_status":"closed","ping_status":"closed","template":"","meta":{"_acf_changed":false,"footnotes":""},"class_list":["post-11785","page","type-page","status-publish","hentry"],"acf":[],"_links":{"self":[{"href":"https:\/\/duneawakening.com\/tr\/wp-json\/wp\/v2\/pages\/11785","targetHints":{"allow":["GET"]}}],"collection":[{"href":"https:\/\/duneawakening.com\/tr\/wp-json\/wp\/v2\/pages"}],"about":[{"href":"https:\/\/duneawakening.com\/tr\/wp-json\/wp\/v2\/types\/page"}],"author":[{"embeddable":true,"href":"https:\/\/duneawakening.com\/tr\/wp-json\/wp\/v2\/users\/20"}],"replies":[{"embeddable":true,"href":"https:\/\/duneawakening.com\/tr\/wp-json\/wp\/v2\/comments?post=11785"}],"version-history":[{"count":5,"href":"https:\/\/duneawakening.com\/tr\/wp-json\/wp\/v2\/pages\/11785\/revisions"}],"predecessor-version":[{"id":15221,"href":"https:\/\/duneawakening.com\/tr\/wp-json\/wp\/v2\/pages\/11785\/revisions\/15221"}],"wp:attachment":[{"href":"https:\/\/duneawakening.com\/tr\/wp-json\/wp\/v2\/media?parent=11785"}],"curies":[{"name":"wp","href":"https:\/\/api.w.org\/{rel}","templated":true}]}}